{"id":357,"date":"2023-09-22T17:19:10","date_gmt":"2023-09-22T15:19:10","guid":{"rendered":"https:\/\/noahdaitruong.com\/?page_id=357"},"modified":"2024-12-19T11:38:59","modified_gmt":"2024-12-19T10:38:59","slug":"a-propos","status":"publish","type":"page","link":"https:\/\/noahdaitruong.com\/index.php\/a-propos\/","title":{"rendered":"\u00e0 propos"},"content":{"rendered":"<div class=\"bm-builder clearfix \"><div id=\"\" class=\"module col-4 module-id-1695392341326LCcCB col-offset-1\" data-module-col=\"4\"><div class=\"module-inside single-image-inside\" style=\"--cornerRadius:0px 0px 0px 0px ; --top-mod: 40px;--bottom-mod: 40px;--top-mod-t: 40px;--bottom-mod-t: 40px;--top-mod-m:20px;--bottom-mod-m:20px;\" ><div class=\"single-image-out singleimage-center-ux singleimage-center-ux-m\"  ><figure class=\"single-image   single-image-notfull   \" no><div class=\"ux-hover-wrap anima-wrap\" style=\"padding-top: 149.97070884593%;\"><span class=\"ux-hover-wrap-a\"><img loading=\"lazy\" decoding=\"async\" alt=\"DSCF5501\" class=\"single-image-img img1st lazy \" src=\"data:image\/gif;base64,R0lGODlhAQABAIAAAAAAAP\/\/\/yH5BAEAAAAALAAAAAABAAEAAAIBRAA7\" data-src=\"https:\/\/noahdaitruong.com\/wp-content\/uploads\/2024\/09\/DSCF5501-scaled.jpg\" data-srcset=\"https:\/\/noahdaitruong.com\/wp-content\/uploads\/2024\/09\/DSCF5501-scaled.jpg 1707w, https:\/\/noahdaitruong.com\/wp-content\/uploads\/2024\/09\/DSCF5501-200x300.jpg 200w, https:\/\/noahdaitruong.com\/wp-content\/uploads\/2024\/09\/DSCF5501-683x1024.jpg 683w, https:\/\/noahdaitruong.com\/wp-content\/uploads\/2024\/09\/DSCF5501-768x1152.jpg 768w, https:\/\/noahdaitruong.com\/wp-content\/uploads\/2024\/09\/DSCF5501-1024x1536.jpg 1024w, https:\/\/noahdaitruong.com\/wp-content\/uploads\/2024\/09\/DSCF5501-1365x2048.jpg 1365w, https:\/\/noahdaitruong.com\/wp-content\/uploads\/2024\/09\/DSCF5501-350x525.jpg 350w, https:\/\/noahdaitruong.com\/wp-content\/uploads\/2024\/09\/DSCF5501-650x975.jpg 650w, https:\/\/noahdaitruong.com\/wp-content\/uploads\/2024\/09\/DSCF5501-1000x1500.jpg 1000w, https:\/\/noahdaitruong.com\/wp-content\/uploads\/2024\/09\/DSCF5501-2000x3000.jpg 2000w\" data-sizes=\"(max-width: 480px) 320px,(max-width: 767px) 500px,(max-width: 1707px) 100vw, 1707px\" width=\"1707\" height=\"2560\" \/><\/span><\/div><figcaption class=\"single-image-caption center-ux\"><div class=\"single-image-caption-cap\" style=\"--fontsizeCap: 14px;--fontsizeCapT: 16px;--fontsizeCapM: 14px;--lineHeightCap: 1.5;--letterSpacingCap: normal;\">\u00a9 Tr\u00e2m Anh Nguyen<\/div><\/figcaption><\/figure><\/div><\/div><\/div><div id=\"\" class=\"module col-6 module-id-1696322662192\" data-module-col=\"6\"><div class=\"module-inside text-inside\" style=\"--top-mod: 40px;--bottom-mod: 60px;--top-mod-t: 40px;--bottom-mod-t: 60px;--top-mod-m:20px;--bottom-mod-m:30px;\" ><div class=\"text_block_out\"  data-effect=\"standard\" style=\"\"><div class=\"text_block ux-mod-nobg\"><div class=\"text_block_inn\"><div id=\"text-1696322662192\" class=\"text_block_centered text_block_centered_enable_width\"  style=\"\"><p style=\"text-align: left;\"><span style=\"font-family: ux-font-1568179320663; font-size: 16px; line-height: 1.5;\">Noah Truong est l&#39;auteur de deux livres de po\u00e9sie. <em>Manuel pour changer de corps<\/em> (2024) est paru aux \u00e9ditions Cambourakis (Paris) en janvier 2024 et a \u00e9t\u00e9 finaliste du prix de la Vocation de po\u00e9sie 2022 et du Grand Prix de po\u00e9sie de la SGDL 2024. <em>Et pourtant<\/em> (anciennement Inventair\/e) est paru en mars 2025 chez Paulette Editrice (Lausanne) et a \u00e9t\u00e9 s\u00e9lectionn\u00e9 pour le prix Hors Limites 2025. On peut \u00e9galement le lire dans des revues : S\u00e8ve, Poem as a Journal, Censored, Manifesto XXI&#8230;<\/span><\/p>\n<p>&nbsp;<\/p>\n<p style=\"text-align: left;\"><span style=\"font-family: ux-font-1568179320663; font-size: 16px; line-height: 1.5;\">En 2025, il est r\u00e9sident au CAPC de Bordeaux et \u00e0 l&#39;\u00e9cole sup\u00e9rieure d&#39;art de Clermont-Ferrand M\u00e9tropole.<\/span><\/p>\n<div>&nbsp;<\/div>\n<div style=\"text-align: left;\"><span style=\"font-family: ux-font-1568179320663; font-size: 16px; line-height: 1.5;\"><span style=\"font-family: ux-font-1568179320663; font-size: 16px;\">Son travail plastique a \u00e9t\u00e9 expos\u00e9 lors du festival Boitaqueer en novembre 2023 (<a class=\"\" href=\"https:\/\/noahdaitruong.com\/index.php\/boystoys-2\/\" target=\"\">Boys:):(Toys<\/a>), et lors d&#39;expositions collectives (Toutes les histoires simultan\u00e9ment, DOC!, 2024, avec Kim Doan Quoc et Wilfried DSaintbayonne).<\/span><\/span><\/div>\n<p style=\"text-align: left;\">&nbsp;<\/p>\n<p style=\"text-align: left;\"><span style=\"font-family: ux-font-1568179320663; font-size: 16px; line-height: 1.5;\">Iel est dipl\u00f4m\u00e9 de l&#39;\u00c9cole doctorale de Sciences Po Paris en Th\u00e9orie politique, de l&#39;Universit\u00e9 Paris IV Sorbonne en Philosophie et du master de Cr\u00e9ation Litt\u00e9raire de l\u2019Universit\u00e9 Paris 8. Dans sa vie pr\u00e9c\u00e9dente, il a travaill\u00e9 comme journaliste. Il a v\u00e9cu \u00e0 Taipei et \u00e0 Ath\u00e8nes.<br><\/span><\/p>\n<p>&nbsp;<\/p>\n<p><span style=\"font-family: ux-font-1568179320663; font-size: 15px;\"><a href=\"https:\/\/www.google.com\/search?client=safari&amp;rls=en&amp;q=manuel+pour+changer%2C+l%27arc+de+noah&amp;ie=UTF-8&amp;oe=UTF-8\">\u00ab\u00a0Manuel pour changer de corps : l&#39;arc de Noah\u00a0\u00bb<\/a>, Lib\u00e9ration, janvier 2024.<\/span><\/p>\n<p><span style=\"font-family: ux-font-1568179320663; font-size: 15px;\"><a href=\"https:\/\/www.manifesto-21.com\/noah-truong-poete-de-la-metamorphose\/\">\u00ab\u00a0Noah Truong, po\u00e8te de la m\u00e9tamorphose\u00a0\u00bb<\/a>, Manifesto XXI, 2024.<\/span><\/p>\n<p style=\"text-align: left;\">&nbsp;<\/p>\n<p style=\"text-align: left;\"><span style=\"font-family: ux-font-1568179320663; font-size: 16px; line-height: 1.5;\" data-msize=\"16px\" data-tsize=\"16px\">Contact pro : noah.truong@hotmail.com<\/span><\/p><\/div><\/div><\/div><\/div><\/div><\/div><div id=\"\" class=\"module col-11 module-id-1695916271146 col-offset-1\" data-module-col=\"11\"><div class=\"module-inside accordion-inside\" style=\"--top-mod: 0px;--bottom-mod: 0px;--top-mod-t: 0px;--bottom-mod-t: 0px;--top-mod-m:0px;--bottom-mod-m:0px;\" ><div class=\"sea-accordion\" data-acc-id=\"acc-1695916271146\" style=\"--fontsizeAccTit: 16px;--fontsizeAccTitT: 16px;--fontsizeAccTitM: 14px;--lineHeightAccTit: 1.4;--letterSpacingAccTit: normal;\"><div class=\"sea-accordion-item\" ><h2 class=\"accordion-tit\"><button class=\"accordion-btn\" type=\"button\" style=\"\">PRESSE<\/button><\/h2><div class=\"accordion-con\">\r\n\t\t \t\t\t\t<div class=\"accordion-in\"> \r\n\t\t \t\t\t\t<p>\u00a0<\/p>\n<p><a href=\"https:\/\/www.google.com\/search?client=safari&amp;rls=en&amp;q=manuel+pour+changer%2C+l%27arc+de+noah&amp;ie=UTF-8&amp;oe=UTF-8\">\"Manuel pour changer de corps : l'arc de Noah\"<\/a>, LIBERATION, 26 janvier 2024<\/p>\n<p><a href=\"https:\/\/www.vogue.fr\/article\/poesie-recueils-poemes-nouveautes-2024\">\"9 Recueils de po\u00e8mes qu'on va aimer lire en 2024\"<\/a>, VOGUE, mars 2024<\/p>\n<p>\"La Po\u00e9sie, une nouvelle contre-culture?\", Les INROCKS, avril 2024<\/p>\n<p><a href=\"https:\/\/www.livreshebdo.fr\/article\/les-selections-des-prix-de-la-vocation-et-de-la-poesie-2022\">\"Les s\u00e9lections des prix de la Vocation et de Po\u00e9sie 2022\"<\/a>, LIVRES HEBDO, 22 ao\u00fbt 2022<\/p>\n<p><a href=\"https:\/\/www.mouvement.net\/labo_demo-la-litterature-dans-et-hors-les-livres\">\"Labo_Demo au CWB : \"La litt\u00e9rature dans et hors les livres\"\"<\/a>, MOUVEMENT MAGAZINE, 9 mai 2023<\/p>\n<h1 class=\"article-news__title\">\u00a0<\/h1>\r\n      \t\t\t\t\t<\/div>\r\n    \t\t\t\t <\/div><\/div><div class=\"sea-accordion-item\" ><h2 class=\"accordion-tit\"><button class=\"accordion-btn\" type=\"button\" style=\"\">LECTURES<\/button><\/h2><div class=\"accordion-con\">\r\n\t\t \t\t\t\t<div class=\"accordion-in\"> \r\n\t\t \t\t\t\t<p>Quelques lectures des ann\u00e9es pr\u00e9c\u00e9dentes :\u00a0<\/p>\n<p><a href=\"http:\/\/maisondelapoesie-nantes.com\">Maison de la Po\u00e9sie de Nantes<\/a>, janvier 2025\u00a0<\/p>\n<p><a href=\"https:\/\/www.actoral.org\">Festival Actoral<\/a>, Marseille, septembre 2024<\/p>\n<p><a href=\"https:\/\/www.instagram.com\/cargo.ltd\/\">[Cargo] pneumatique<\/a>, journ\u00e9e de marathon po\u00e9tique, EXC Librairie, Paris, septembre 2023<\/p>\n<p><a href=\"https:\/\/cwb.fr\/agenda\/labo-demo-4-au-sample-bagnolet\">LaboDemo<\/a> #4, laboratoire des \u00e9critures contemporaines \u00e9mergentes, soir\u00e9e organis\u00e9e par le Centre Wallonie-Bruxelles, Le Sample, Paris, mai 2023<\/p>\n<p><a href=\"https:\/\/www.instagram.com\/womancave_collective\/\">Lancement du Woman Journal<\/a>, vol.2 \"Rapports de force et cohabitation\", Woman Cave Collective, Paris, 2022<\/p>\n<p><a href=\"https:\/\/boitaqueer.com\/\">Festival Boitaqueer<\/a>, avec Nant\u00e9n\u00e9 Traor\u00e9 et Luz Volckmann, novembre 2022<\/p>\n<p><a href=\"https:\/\/www.seve-editions.com\/\">Lancement de S\u00e8ve<\/a>, n.1, septembre 2022, EXC Librairie<\/p>\n<p>Dis-l\u00e0 \u00e7a ira mieux, festival de litt\u00e9rature vivante, juin 2022, Un Lieu pour Respirer (Les Lilas)<\/p>\n<p>\u00a0<\/p>\r\n      \t\t\t\t\t<\/div>\r\n    \t\t\t\t <\/div><\/div><div class=\"sea-accordion-item\" ><h2 class=\"accordion-tit\"><button class=\"accordion-btn\" type=\"button\" style=\"\">ATELIERS ET \u00c9V\u00c8NEMENTS<\/button><\/h2><div class=\"accordion-con\">\r\n\t\t \t\t\t\t<div class=\"accordion-in\"> \r\n\t\t \t\t\t\t<p><a href=\"https:\/\/www.instagram.com\/la_textape\/\">LA TEXTAPE<\/a>, co-organisation et curation d'une sc\u00e8ne de po\u00e9sie et sc\u00e8ne ouverte, une fois par mois au Lieu pour Respirer (Les Lilas), depuis septembre 2022.<\/p>\n<p><a href=\"https:\/\/www.instagram.com\/ecriturfu\/\">DIS-L\u00c0 \u00c7A IRA MIEUX<\/a>, festival de litt\u00e9rature vivante, avec l'\u00e9quipe de la Textape, juin 2022.<\/p>\n<h1>\u00a0<\/h1>\r\n      \t\t\t\t\t<\/div>\r\n    \t\t\t\t <\/div><\/div><\/div><\/div><\/div><\/div>","protected":false},"excerpt":{"rendered":"<p>\u00a9 Tr\u00e2m Anh NguyenNoah Truong est l&#39;auteur de deux livres &hellip;<\/p>\n","protected":false},"author":1,"featured_media":0,"parent":0,"menu_order":0,"comment_status":"closed","ping_status":"closed","template":"","meta":{"inline_featured_image":false,"footnotes":""},"class_list":["post-357","page","type-page","status-publish","hentry"],"_links":{"self":[{"href":"https:\/\/noahdaitruong.com\/index.php\/wp-json\/wp\/v2\/pages\/357","targetHints":{"allow":["GET"]}}],"collection":[{"href":"https:\/\/noahdaitruong.com\/index.php\/wp-json\/wp\/v2\/pages"}],"about":[{"href":"https:\/\/noahdaitruong.com\/index.php\/wp-json\/wp\/v2\/types\/page"}],"author":[{"embeddable":true,"href":"https:\/\/noahdaitruong.com\/index.php\/wp-json\/wp\/v2\/users\/1"}],"replies":[{"embeddable":true,"href":"https:\/\/noahdaitruong.com\/index.php\/wp-json\/wp\/v2\/comments?post=357"}],"version-history":[{"count":1,"href":"https:\/\/noahdaitruong.com\/index.php\/wp-json\/wp\/v2\/pages\/357\/revisions"}],"predecessor-version":[{"id":367,"href":"https:\/\/noahdaitruong.com\/index.php\/wp-json\/wp\/v2\/pages\/357\/revisions\/367"}],"wp:attachment":[{"href":"https:\/\/noahdaitruong.com\/index.php\/wp-json\/wp\/v2\/media?parent=357"}],"curies":[{"name":"wp","href":"https:\/\/api.w.org\/{rel}","templated":true}]}}