{"id":599,"date":"2023-09-28T18:39:52","date_gmt":"2023-09-28T16:39:52","guid":{"rendered":"https:\/\/noahdaitruong.com\/?page_id=599"},"modified":"2023-09-28T18:39:52","modified_gmt":"2023-09-28T16:39:52","slug":"agenda","status":"publish","type":"page","link":"https:\/\/noahdaitruong.com\/index.php\/agenda\/","title":{"rendered":"agenda"},"content":{"rendered":"<div class=\"bm-builder clearfix \"><div id=\"\" class=\"module col-12 module-id-1696326189447 bm-wrap row-middle row-center bm-wrap-height-auto\" data-module-col=\"12\" data-change-color=\"off\" data-backcolor=\"transparent\" data-frontcolor=\"\" data-logocolor=\"\" data-goto-top=\"off\" data-goto-top-spacing=\"0\" data-goto-disable-m=\"off\" data-groupsameheight=\"off\"><div class=\"module-inside group-inside\" style=\"--cornerRadius:0px 0px 0px 0px ; --top-mod: 0px;--bottom-mod: 0px;--top-mod-t: 0px;--bottom-mod-t: 0px;--top-mod-m:0px;--bottom-mod-m:0px;\" ><div id=\"\" class=\"module col-9 module-id-1696326256005\" data-module-col=\"9\"><div class=\"module-inside text-inside\" style=\"--top-mod: 0px;--bottom-mod: 0px;--top-mod-t: 0px;--bottom-mod-t: 0px;--top-mod-m:0px;--bottom-mod-m:0px;\" ><div class=\"text_block_out\"  data-effect=\"standard\" style=\"\"><div class=\"text_block ux-mod-nobg\"><div class=\"text_block_inn\"><div id=\"text-1696326256005\" class=\"text_block_centered text_block_centered_enable_width\"  style=\"\"><h5 data-pm-slice=\"1 1 &#091;&#093;\"><span style=\"font-family: ux-font-1568179320663; font-size: 20px;\">Bonjour !<\/span><\/h5>\n<h5><span style=\"font-family: ux-font-1568179320663; font-size: 20px;\">Voici les \u00e9v\u00e8nements o\u00f9 vous pourrez me retrouver ce printemps et cet \u00e9t\u00e9 :&nbsp;<\/span><\/h5>\n<p>&nbsp;<\/p>\n<p>(Paris) 29 mars &#8211; Le <a href=\"https:\/\/shotgun.live\/fr\/venues\/le-poetry-club\">Poetry Club&nbsp;<\/a><\/p>\n<p>&nbsp;<\/p>\n<p>(SUISSE) 15-17 mai &#8211; <a href=\"https:\/\/www.literatur.ch\/fr\/\">48e Journ\u00e9es Litt\u00e9raires de Soleure<\/a> &#8211; Lectures et discussion autour d&rsquo;Et Pourtant<\/p>\n<p>&nbsp;<\/p>\n<p>(Paris) 30 mai &#8211; <a href=\"https:\/\/officetransportspoetik.com\">Festival \u00ab\u00a0Place aux livres !\u00a0\u00bb des autrices de la place des F\u00eates<\/a>, en discussion avec l&rsquo;autrice et interpr\u00e8te S\u00e9phora Pondi, mod\u00e9r\u00e9 par la journaliste <span data-olk-copy-source=\"MessageBody\">Nadia Bouchenni<\/span><\/p>\n<p>&nbsp;<\/p>\n<p>(Grenoble) 4 juin &#8211; Festival <a href=\"https:\/\/officetransportspoetik.com\">Office des Transports Poetik<\/a><\/p>\n<p>&nbsp;<\/p>\n<p>(Nantes) 13 Juin &#8211; Salon du livre queer &#8211; Librairie Les Vagues<\/p>\n<p>&nbsp;<\/p>\n<p>&nbsp;<\/p>\n<p>&nbsp;<\/p>\n<p>Archives&nbsp;<\/p>\n<p>&nbsp;<\/p>\n<p>(Paris) Le 8 avril sur la sc\u00e8ne du Po\u00e9queer (XXe)<\/p>\n<p>&nbsp;<\/p>\n<p>(Troyes) Le 3 avril au Centre d&rsquo;art Le Passage avec Tadzio Alicante&nbsp;<\/p>\n<h5>&nbsp;<\/h5>\n<p>(Paris) Le 30 mars au Panth\u00e9on dans le cadre du Printemps des Po\u00e8tes&nbsp;<\/p>\n<p>&nbsp;<\/p>\n<h5><span style=\"font-family: ux-font-1568179320663; font-size: 20px;\"><span class=\"stroke\">(Paris)<\/span> Le 24 octobre \u00e0 19h \u00e0 la Librairie Mots \u00e0 la Bouche pour le lancement de Dustan, l\u2019h\u00e9ritage, chez Paulette Editrice dans lequel je publie un texte. Avec d\u2019autres contributeurices.<\/span><\/h5>\n<h5>&nbsp;<\/h5>\n<h5><span style=\"font-family: ux-font-1568179320663; font-size: 20px;\"><span class=\"stroke\">(Paris)<\/span> Le 30 octobre \u00e0 19h30 \u00e0 l\u2019Institut Su\u00e9dois avec H. Br\u00e9zillon, O. Tapiero, L. Axelsonn et A. Farrokhzhad<\/span><\/h5>\n<h5>&nbsp;<\/h5>\n<h5><span style=\"font-family: ux-font-1568179320663; font-size: 20px;\"><span class=\"stroke\">(Neuch\u00e2tel)<\/span> Le 30 novembre \u00e0 17h avec les Lecture Canap\u2019<\/span><\/h5>\n<h5>&nbsp;<\/h5>\n<h5><span style=\"font-family: ux-font-1568179320663; font-size: 20px;\"><span class=\"stroke\">(Gen\u00e8ve)<\/span> Le 1er d\u00e9cembre \u00e0 partir de 18h30 \u00e0 la Galerie Wilde avec le Club de Gen\u00e8ve.<\/span><\/h5><\/div><\/div><\/div><\/div><\/div><\/div><\/div><\/div><\/div>","protected":false},"excerpt":{"rendered":"<p>Bonjour ! Voici les \u00e9v\u00e8nements o\u00f9 vous pourrez me retrouver &hellip;<\/p>\n","protected":false},"author":1,"featured_media":0,"parent":0,"menu_order":0,"comment_status":"closed","ping_status":"closed","template":"","meta":{"inline_featured_image":false,"footnotes":""},"class_list":["post-599","page","type-page","status-publish","hentry"],"_links":{"self":[{"href":"https:\/\/noahdaitruong.com\/index.php\/wp-json\/wp\/v2\/pages\/599","targetHints":{"allow":["GET"]}}],"collection":[{"href":"https:\/\/noahdaitruong.com\/index.php\/wp-json\/wp\/v2\/pages"}],"about":[{"href":"https:\/\/noahdaitruong.com\/index.php\/wp-json\/wp\/v2\/types\/page"}],"author":[{"embeddable":true,"href":"https:\/\/noahdaitruong.com\/index.php\/wp-json\/wp\/v2\/users\/1"}],"replies":[{"embeddable":true,"href":"https:\/\/noahdaitruong.com\/index.php\/wp-json\/wp\/v2\/comments?post=599"}],"version-history":[{"count":2,"href":"https:\/\/noahdaitruong.com\/index.php\/wp-json\/wp\/v2\/pages\/599\/revisions"}],"predecessor-version":[{"id":1361,"href":"https:\/\/noahdaitruong.com\/index.php\/wp-json\/wp\/v2\/pages\/599\/revisions\/1361"}],"wp:attachment":[{"href":"https:\/\/noahdaitruong.com\/index.php\/wp-json\/wp\/v2\/media?parent=599"}],"curies":[{"name":"wp","href":"https:\/\/api.w.org\/{rel}","templated":true}]}}